{"id":249,"date":"2022-11-16T17:25:43","date_gmt":"2022-11-16T17:25:43","guid":{"rendered":"https:\/\/sexual-und-paarberatung.ch\/en\/?page_id=249"},"modified":"2023-03-02T16:21:04","modified_gmt":"2023-03-02T15:21:04","slug":"impressum","status":"publish","type":"page","link":"https:\/\/sexual-und-paarberatung.ch\/en\/impressum\/","title":{"rendered":"Impressum"},"content":{"rendered":"<div id=\"cc-matrix-2666975168\">\n<div id=\"cc-m-10179117068\" class=\"j-module n j-text \">\n<div id=\"cc-m-10672172773\" class=\"j-module n j-text\">\n<div class=\"col-sm-6 space-down5\">\n<div class=\"panel panel-default panel-shadow\">\n<div class=\"panel-body\">\n<p><strong>Kontakt-Adresse<\/strong><\/p>\n<p>Psychologische Beratung<br \/>\nDavid Siegenthaler<br \/>\nKirchenstrasse 13<br \/>\n6300 Zug<br \/>\nSchweiz<\/p>\n<p>E-Mail:<br \/>\ninfo@sexual-und-paarberatung.ch<\/p>\n<p>&nbsp;<\/p>\n<p><strong>Vertretungsberechtigte Person(en)<\/strong><\/p>\n<p>David Siegenthaler<\/p>\n<p><strong>Handelsregister-Eintrag<\/strong><\/p>\n<p>Eingetragener Firmenname: Psychologische Beratung<br \/>\nHandelsregister Nr: CHE-383.454.506<\/p>\n<p>&nbsp;<\/p>\n<p><strong>Haftungsausschluss<\/strong><\/p>\n<p>Der Autor \u00fcbernimmt keinerlei Gew\u00e4hr hinsichtlich der inhaltlichen Richtigkeit, Genauigkeit, Aktualit\u00e4t, Zuverl\u00e4ssigkeit und Vollst\u00e4ndigkeit der Informationen.Haftungsanspr\u00fcche gegen den Autor wegen Sch\u00e4den materieller oder immaterieller Art, welche aus dem Zugriff oder der Nutzung bzw. Nichtnutzung der ver\u00f6ffentlichten Informationen, durch Missbrauch der Verbindung oder durch technische St\u00f6rungen entstanden sind, werden ausgeschlossen.<\/p>\n<p>Alle Angebote sind unverbindlich. Der Autor beh\u00e4lt es sich ausdr\u00fccklich vor, Teile der Seiten oder das gesamte Angebot ohne besondere Ank\u00fcndigung zu ver\u00e4ndern, zu erg\u00e4nzen, zu l\u00f6schen oder die Ver\u00f6ffentlichung zeitweise oder endg\u00fcltig einzustellen.<\/p>\n<p>&nbsp;<\/p>\n<p><strong>Haftungsausschluss f\u00fcr Links<\/strong><\/p>\n<p>Verweise und Links auf Webseiten Dritter liegen ausserhalb unseres Verantwortungsbereichs. Es wird jegliche Verantwortung f\u00fcr solche Webseiten abgelehnt. Der Zugriff und die Nutzung solcher Webseiten erfolgen auf eigene Gefahr des jeweiligen Nutzers.<\/p>\n<p>&nbsp;<\/p>\n<p><strong>Urheberrechte<\/strong><\/p>\n<p>Die Urheber- und alle anderen Rechte an Inhalten, Bildern, Fotos oder anderen Dateien auf dieser Website, geh\u00f6ren ausschliesslich&nbsp;<strong>David Siegenthaler<\/strong>&nbsp;oder den speziell genannten Rechteinhabern. F\u00fcr die Reproduktion jeglicher Elemente ist die schriftliche Zustimmung des Urheberrechtstr\u00e4gers im Voraus einzuholen.<\/p>\n<p>&nbsp;<\/p>\n<p>Quelle:&nbsp;<a href=\"https:\/\/www.swissanwalt.ch\/impressum-generator.aspx\" target=\"_blank\" rel=\"noopener\">Impressum-Generator von SwissAnwalt<\/a><\/p>\n<\/div>\n<\/div>\n<\/div>\n<h2>Bilder Quelle<\/h2>\n<\/div>\n<p>\u00a9 fotolia.com Datei: #19682038 | Urheber:&nbsp;<a title=\"Das komplette Portfolio von St\u00e9phane Bidouze ansehen\" href=\"https:\/\/de.fotolia.com\/p\/1509\" target=\"_top\" rel=\"noopener\">St\u00e9phane Bidouze<br \/>\n<\/a>\u00a9 fotolia.com Datei: #51155523 | Urheber:&nbsp;<a title=\"Das komplette Portfolio von lassedesignen ansehen\" href=\"https:\/\/de.fotolia.com\/p\/200945821\" target=\"_top\" rel=\"noopener\">lassedesignen<\/a><\/p>\n<p>\u00a9 fotolia.com Datei: #63938063 | Urheber:&nbsp;<a title=\"Das komplette Portfolio von Photographee.eu ansehen\" href=\"https:\/\/de.fotolia.com\/p\/200793652\" target=\"_top\" rel=\"noopener\">Photographee.eu<\/a><\/p>\n<p>\u00a9 fotolia.com Datei: #68309952 | Urheber:&nbsp;<a title=\"Das komplette Portfolio von Artem Furman ansehen\" href=\"https:\/\/de.fotolia.com\/p\/202690772\" target=\"_top\" rel=\"noopener\">Artem Furman<\/a><\/p>\n<p>\u00a9 fotolia.com Datei: #72939999 | Urheber:&nbsp;<a title=\"Das komplette Portfolio von fotogestoeber ansehen\" href=\"https:\/\/de.fotolia.com\/p\/201123473\" target=\"_top\" rel=\"noopener\">fotogestoeber<\/a><\/p>\n<p>\u00a9 fotolia.com Datei: #78857147 | Urheber:&nbsp;<a title=\"Das komplette Portfolio von lemontreeimages ansehen\" href=\"https:\/\/de.fotolia.com\/p\/205322229\" target=\"_top\" rel=\"noopener\">lemontreeimages<\/a><\/p>\n<p>\u00a9 fotolia.com Datei: #81076683 | Urheber:&nbsp;<a title=\"Das komplette Portfolio von Antonioguillem ansehen\" href=\"https:\/\/de.fotolia.com\/p\/203241865\" target=\"_top\" rel=\"noopener\">Antonioguillem<\/a><\/p>\n<p>\u00a9 fotolia.com Datei: #81546499 | Urheber:&nbsp;<a title=\"Das komplette Portfolio von koszivu ansehen\" href=\"https:\/\/de.fotolia.com\/p\/201199675\" target=\"_top\" rel=\"noopener\">koszivu<\/a><\/p>\n<p>\u00a9 fotolia.com #84364444 | Urheber:&nbsp;<a title=\"Das komplette Portfolio von Gajus ansehen\" href=\"https:\/\/de.fotolia.com\/p\/202760791\" target=\"_top\" rel=\"noopener\">Gajus<\/a><\/p>\n<p>\u00a9 fotolia.com Datei: #85527478 | Urheber:&nbsp;<a title=\"Das komplette Portfolio von inesbazdar ansehen\" href=\"https:\/\/de.fotolia.com\/p\/204564871\" target=\"_top\" rel=\"noopener\">inesbazdar<\/a><\/p>\n<p>\u00a9 fotolia.com Datei: #85527670 | Urheber:&nbsp;<a title=\"Das komplette Portfolio von inesbazdar ansehen\" href=\"https:\/\/de.fotolia.com\/p\/204564871\" target=\"_top\" rel=\"noopener\">inesbazdar<\/a><\/p>\n<p>\u00a9 fotolia.com Datei: #93454164 | Urheber:&nbsp;<a title=\"Das komplette Portfolio von lassedesignen ansehen\" href=\"https:\/\/de.fotolia.com\/p\/200945821\" target=\"_top\" rel=\"noopener\">lassedesignen<\/a><\/p>\n<p>\u00a9 fotolia.com Datei: #93567036 | Urheber:&nbsp;<a title=\"Das komplette Portfolio von fotogestoeber ansehen\" href=\"https:\/\/de.fotolia.com\/p\/201123473\" target=\"_top\" rel=\"noopener\">fotogestoeber<\/a><\/p>\n<p>\u00a9 fotolia.com Datei: #93650400 | Urheber:&nbsp;<a title=\"Das komplette Portfolio von Gajus ansehen\" href=\"https:\/\/de.fotolia.com\/p\/202760791\" target=\"_top\" rel=\"noopener\">Gajus<\/a><\/p>\n<p>\u00a9 fotolia.com Datei: #98513480 | Urheber:&nbsp;<a title=\"Das komplette Portfolio von juliasv ansehen\" href=\"https:\/\/de.fotolia.com\/p\/202781615\" target=\"_top\" rel=\"noopener\">juliasv<\/a><\/p>\n<p>\u00a9 fotolia.com Datei: #100018885 | Urheber:&nbsp;<a title=\"Das komplette Portfolio von Coloures-pic ansehen\" href=\"https:\/\/de.fotolia.com\/p\/75848\" target=\"_top\" rel=\"noopener\">Coloures-pic<\/a><\/p>\n<p>\u00a9 fotolia.com Datei: #102100404 | Urheber:&nbsp;<a title=\"Das komplette Portfolio von olly ansehen\" href=\"https:\/\/de.fotolia.com\/p\/200460681\" target=\"_top\" rel=\"noopener\">olly<\/a><\/p>\n<p>\u00a9 fotolia.com Datei: #103135829 | Urheber:&nbsp;<a title=\"Das komplette Portfolio von Marco2811 ansehen\" href=\"https:\/\/de.fotolia.com\/p\/201180683\" target=\"_top\" rel=\"noopener\">Marco2811<\/a><\/p>\n<p>\u00a9 fotolia.com Datei: #105888399 | Urheber:&nbsp;<a title=\"Das komplette Portfolio von Sergey Nivens ansehen\" href=\"https:\/\/de.fotolia.com\/p\/201376482\" target=\"_top\" rel=\"noopener\">Sergey Nivens<\/a>\u00a9 fotolia.com&nbsp;Datei: #104929933 | Urheber:&nbsp;<a title=\"Das komplette Portfolio von olly ansehen\" href=\"https:\/\/de.fotolia.com\/p\/200460681\" target=\"_top\" rel=\"noopener\">olly<\/a><\/p>\n<p>\u00a9 fotolia.com Datei: #105904934 | Urheber:&nbsp;<a title=\"Das komplette Portfolio von Rido ansehen\" href=\"https:\/\/de.fotolia.com\/p\/187203\" target=\"_top\" rel=\"noopener\">Rido<\/a><\/p>\n<p>@Photo by&nbsp;<a href=\"https:\/\/unsplash.com\/photos\/N7XodRrbzS0?utm_source=unsplash&amp;utm_medium=referral&amp;utm_content=creditCopyText\" target=\"_top\" rel=\"noopener\">Alejandro Escamilla<\/a>&nbsp;on&nbsp;<a href=\"https:\/\/unsplash.com\/?utm_source=unsplash&amp;utm_medium=referral&amp;utm_content=creditCopyText\" target=\"_top\" rel=\"noopener\">Unsplash<\/a><\/p>\n<\/div>\n<\/div>\n<p>&nbsp;<\/p>\n<p>&nbsp;<\/p>\n<div id=\"cc-matrix-2666975168\">\n<div id=\"cc-m-10179117068\" class=\"j-module n j-text \">\n<p>Photo by Bruno Aguirre on Unsplash<\/p>\n<p>Photo by Jaddy Liu on Unsplash<\/p>\n<p>Photo by Jose Escobar on Unsplash<\/p>\n<p>Photo by Lex Sirikiat on Unsplash<\/p>\n<p>Photo by Pablo Heimplatz #257552 &amp; #275442 on Unsplash<br \/>\nPhoto by monteiroleo people #3374664 1920 on pixabay<\/p>\n<p>Photo by marmax old-people #275319 1920 on pixabay<\/p>\n<p>Photo by Netpotent sunset-970694 1920 on pixabay<\/p>\n<p>Photo by scott-broome #740559 on Unsplash<\/p>\n<p>Photo by sebastian-pichler #53818 on Unsplash<\/p>\n<p>Photo by seth-hays #464148 on Unsplash<\/p>\n<p>Photo by sharon-mccutcheon&nbsp; #669254 Unsplash<\/p>\n<div class=\"_3bJ2H CHExY\">\n<div class=\"_1l8RX _1ByhS\">Photo by&nbsp;<a href=\"https:\/\/unsplash.com\/@christianbuehner?utm_source=unsplash&amp;utm_medium=referral&amp;utm_content=creditCopyText\" target=\"_top\" rel=\"noopener\">christian buehner<\/a>&nbsp;on&nbsp;<a href=\"https:\/\/unsplash.com\/search\/photos\/gay-men?utm_source=unsplash&amp;utm_medium=referral&amp;utm_content=creditCopyText\" target=\"_top\" rel=\"noopener\">Unsplash<\/a><\/div>\n<\/div>\n<p>Photo by&nbsp;<a href=\"https:\/\/unsplash.com\/@yoav?utm_source=unsplash&amp;utm_medium=referral&amp;utm_content=creditCopyText\" target=\"_top\" rel=\"noopener\">yoav hornung<\/a>&nbsp;on&nbsp;<a href=\"https:\/\/unsplash.com\/?utm_source=unsplash&amp;utm_medium=referral&amp;utm_content=creditCopyText\" target=\"_top\" rel=\"noopener\">Unsplash<\/a><\/p>\n<p>Photo by&nbsp;<a href=\"https:\/\/unsplash.com\/@elyssarenae?utm_source=unsplash&amp;utm_medium=referral&amp;utm_content=creditCopyText\" target=\"_top\" rel=\"noopener\">Elyssa Fahndrich<\/a>&nbsp;on&nbsp;<a href=\"https:\/\/unsplash.com\/?utm_source=unsplash&amp;utm_medium=referral&amp;utm_content=creditCopyText\" target=\"_top\" rel=\"noopener\">Unsplash<\/a><\/p>\n<div class=\"_3bJ2H CHExY\">\n<div class=\"_1l8RX _1ByhS\">Photo by&nbsp;<a href=\"https:\/\/unsplash.com\/@stanleydai?utm_source=unsplash&amp;utm_medium=referral&amp;utm_content=creditCopyText\" target=\"_top\" rel=\"noopener\">Stanley Dai<\/a>&nbsp;on&nbsp;<a href=\"https:\/\/unsplash.com\/?utm_source=unsplash&amp;utm_medium=referral&amp;utm_content=creditCopyText\" target=\"_top\" rel=\"noopener\">Unsplash<\/a><\/div>\n<\/div>\n<div class=\"_3bJ2H CHExY\">\n<div class=\"_1l8RX _1ByhS\">\n<p>Photo by&nbsp;<a href=\"https:\/\/unsplash.com\/@sharonmccutcheon?utm_source=unsplash&amp;utm_medium=referral&amp;utm_content=creditCopyText\" target=\"_top\" rel=\"noopener\">Sharon McCutcheon<\/a>&nbsp;on&nbsp;<a href=\"https:\/\/unsplash.com\/?utm_source=unsplash&amp;utm_medium=referral&amp;utm_content=creditCopyText\" target=\"_top\" rel=\"noopener\">Unsplash<\/a><\/p>\n<div class=\"_3bJ2H CHExY\">\n<div class=\"_1l8RX _1ByhS\">Photo by&nbsp;<a href=\"https:\/\/unsplash.com\/@mahrealist?utm_source=unsplash&amp;utm_medium=referral&amp;utm_content=creditCopyText\" target=\"_top\" rel=\"noopener\">Mahrael Boutros<\/a>&nbsp;on&nbsp;<a href=\"https:\/\/unsplash.com\/?utm_source=unsplash&amp;utm_medium=referral&amp;utm_content=creditCopyText\" target=\"_top\" rel=\"noopener\">Unsplash<\/a><\/div>\n<div class=\"_1l8RX _1ByhS\"><span class=\"attribution_field hide-sm hide-md\">Bild von&nbsp;<a href=\"https:\/\/pixabay.com\/de\/users\/StockSnap-894430\/?utm_source=link-attribution&amp;utm_medium=referral&amp;utm_campaign=image&amp;utm_content=2616673\" target=\"_top\" rel=\"noopener\">StockSnap<\/a>&nbsp;auf&nbsp;<a href=\"https:\/\/pixabay.com\/de\/?utm_source=link-attribution&amp;utm_medium=referral&amp;utm_campaign=image&amp;utm_content=2616673\" target=\"_top\" rel=\"noopener\">Pixabay<\/a><\/span><\/div>\n<div class=\"_1l8RX _1ByhS\"><span class=\"attribution_field hide-sm hide-md\">Bild von&nbsp;<a href=\"https:\/\/pixabay.com\/de\/users\/thepoorphotographer-8678942\/?utm_source=link-attribution&amp;utm_medium=referral&amp;utm_campaign=image&amp;utm_content=3315769\" target=\"_top\" rel=\"noopener\">Janko Ferlic<\/a>&nbsp;auf&nbsp;<a href=\"https:\/\/pixabay.com\/de\/?utm_source=link-attribution&amp;utm_medium=referral&amp;utm_campaign=image&amp;utm_content=3315769\" target=\"_top\" rel=\"noopener\">Pixabay<\/a><\/span><\/div>\n<\/div>\n<\/div>\n<\/div>\n<p><span class=\"attribution_field hide-sm hide-md\">Bild von&nbsp;<a href=\"https:\/\/pixabay.com\/de\/users\/FrankWinkler-64960\/?utm_source=link-attribution&amp;utm_medium=referral&amp;utm_campaign=image&amp;utm_content=540115\" target=\"_top\" rel=\"noopener\">Frank Winkler<\/a>&nbsp;auf&nbsp;<a href=\"https:\/\/pixabay.com\/de\/?utm_source=link-attribution&amp;utm_medium=referral&amp;utm_campaign=image&amp;utm_content=540115\" target=\"_top\" rel=\"noopener\">Pixabay<\/a><\/span><\/p>\n<\/div>\n<\/div>\n","protected":false},"excerpt":{"rendered":"<p>Kontakt-Adresse Psychologische Beratung David Siegenthaler Kirchenstrasse 13 6300 Zug Schweiz E-Mail: info@sexual-und-paarberatung.ch &nbsp; Vertretungsberechtigte Person(en) David Siegenthaler Handelsregister-Eintrag Eingetragener Firmenname: Psychologische Beratung Handelsregister Nr: CHE-383.454.506 &nbsp; Haftungsausschluss Der Autor \u00fcbernimmt keinerlei Gew\u00e4hr hinsichtlich der inhaltlichen Richtigkeit, Genauigkeit, Aktualit\u00e4t, Zuverl\u00e4ssigkeit und Vollst\u00e4ndigkeit der Informationen.Haftungsanspr\u00fcche gegen den Autor wegen Sch\u00e4den materieller oder immaterieller Art, welche aus dem [&hellip;]<\/p>\n","protected":false},"author":1,"featured_media":0,"parent":0,"menu_order":0,"comment_status":"closed","ping_status":"closed","template":"","meta":{"footnotes":""},"class_list":["post-249","page","type-page","status-publish","hentry"],"yoast_head":"<!-- This site is optimized with the Yoast SEO Premium plugin v20.0 (Yoast SEO v20.0) - https:\/\/yoast.com\/wordpress\/plugins\/seo\/ -->\n<title>Impressum &bull; Sexual Counseling and Couples Counseling<\/title>\n<meta name=\"description\" content=\"Impressum\" \/>\n<meta name=\"robots\" content=\"index, follow, max-snippet:-1, max-image-preview:large, max-video-preview:-1\" \/>\n<link rel=\"canonical\" href=\"https:\/\/sexual-und-paarberatung.ch\/en\/impressum\/\" \/>\n<meta property=\"og:locale\" content=\"en_US\" \/>\n<meta property=\"og:type\" content=\"article\" \/>\n<meta property=\"og:title\" content=\"Impressum\" \/>\n<meta property=\"og:description\" content=\"Impressum\" \/>\n<meta property=\"og:url\" content=\"https:\/\/sexual-und-paarberatung.ch\/en\/impressum\/\" \/>\n<meta property=\"og:site_name\" content=\"Sexual Counseling and Couples Counseling\" \/>\n<meta property=\"article:modified_time\" content=\"2023-03-02T15:21:04+00:00\" \/>\n<meta property=\"og:image\" content=\"https:\/\/sexual-und-paarberatung.ch\/en\/wp-content\/uploads\/sites\/2\/2023\/03\/Logo-no-bg.png\" \/>\n\t<meta property=\"og:image:width\" content=\"580\" \/>\n\t<meta property=\"og:image:height\" content=\"714\" \/>\n\t<meta property=\"og:image:type\" content=\"image\/png\" \/>\n<meta name=\"twitter:card\" content=\"summary_large_image\" \/>\n<meta name=\"twitter:label1\" content=\"Est. reading time\" \/>\n\t<meta name=\"twitter:data1\" content=\"3 minutes\" \/>\n<script type=\"application\/ld+json\" class=\"yoast-schema-graph\">{\"@context\":\"https:\/\/schema.org\",\"@graph\":[{\"@type\":\"WebPage\",\"@id\":\"https:\/\/sexual-und-paarberatung.ch\/en\/impressum\/\",\"url\":\"https:\/\/sexual-und-paarberatung.ch\/en\/impressum\/\",\"name\":\"Impressum &bull; Sexual Counseling and Couples Counseling\",\"isPartOf\":{\"@id\":\"https:\/\/sexual-und-paarberatung.ch\/en\/#website\"},\"datePublished\":\"2022-11-16T17:25:43+00:00\",\"dateModified\":\"2023-03-02T15:21:04+00:00\",\"description\":\"Impressum\",\"breadcrumb\":{\"@id\":\"https:\/\/sexual-und-paarberatung.ch\/en\/impressum\/#breadcrumb\"},\"inLanguage\":\"en-US\",\"potentialAction\":[{\"@type\":\"ReadAction\",\"target\":[\"https:\/\/sexual-und-paarberatung.ch\/en\/impressum\/\"]}]},{\"@type\":\"BreadcrumbList\",\"@id\":\"https:\/\/sexual-und-paarberatung.ch\/en\/impressum\/#breadcrumb\",\"itemListElement\":[{\"@type\":\"ListItem\",\"position\":1,\"name\":\"Home\",\"item\":\"https:\/\/sexual-und-paarberatung.ch\/en\/\"},{\"@type\":\"ListItem\",\"position\":2,\"name\":\"Impressum\"}]},{\"@type\":\"WebSite\",\"@id\":\"https:\/\/sexual-und-paarberatung.ch\/en\/#website\",\"url\":\"https:\/\/sexual-und-paarberatung.ch\/en\/\",\"name\":\"sexual counseling and couples counseling Zug\",\"description\":\"\",\"publisher\":{\"@id\":\"https:\/\/sexual-und-paarberatung.ch\/en\/#organization\"},\"alternateName\":\"sexual therapy and couples therapy Zug\",\"potentialAction\":[{\"@type\":\"SearchAction\",\"target\":{\"@type\":\"EntryPoint\",\"urlTemplate\":\"https:\/\/sexual-und-paarberatung.ch\/en\/?s={search_term_string}\"},\"query-input\":\"required name=search_term_string\"}],\"inLanguage\":\"en-US\"},{\"@type\":\"Organization\",\"@id\":\"https:\/\/sexual-und-paarberatung.ch\/en\/#organization\",\"name\":\"sexual counseling and couples counseling Zug\",\"url\":\"https:\/\/sexual-und-paarberatung.ch\/en\/\",\"logo\":{\"@type\":\"ImageObject\",\"inLanguage\":\"en-US\",\"@id\":\"https:\/\/sexual-und-paarberatung.ch\/en\/#\/schema\/logo\/image\/\",\"url\":\"https:\/\/sexual-und-paarberatung.ch\/en\/wp-content\/uploads\/sites\/2\/2023\/03\/Logo-no-bg.png\",\"contentUrl\":\"https:\/\/sexual-und-paarberatung.ch\/en\/wp-content\/uploads\/sites\/2\/2023\/03\/Logo-no-bg.png\",\"width\":580,\"height\":714,\"caption\":\"sexual counseling and couples counseling Zug\"},\"image\":{\"@id\":\"https:\/\/sexual-und-paarberatung.ch\/en\/#\/schema\/logo\/image\/\"}}]}<\/script>\n<!-- \/ Yoast SEO Premium plugin. -->","yoast_head_json":{"title":"Impressum &bull; Sexual Counseling and Couples Counseling","description":"Impressum","robots":{"index":"index","follow":"follow","max-snippet":"max-snippet:-1","max-image-preview":"max-image-preview:large","max-video-preview":"max-video-preview:-1"},"canonical":"https:\/\/sexual-und-paarberatung.ch\/en\/impressum\/","og_locale":"en_US","og_type":"article","og_title":"Impressum","og_description":"Impressum","og_url":"https:\/\/sexual-und-paarberatung.ch\/en\/impressum\/","og_site_name":"Sexual Counseling and Couples Counseling","article_modified_time":"2023-03-02T15:21:04+00:00","og_image":[{"width":580,"height":714,"url":"https:\/\/sexual-und-paarberatung.ch\/en\/wp-content\/uploads\/sites\/2\/2023\/03\/Logo-no-bg.png","type":"image\/png"}],"twitter_card":"summary_large_image","twitter_misc":{"Est. reading time":"3 minutes"},"schema":{"@context":"https:\/\/schema.org","@graph":[{"@type":"WebPage","@id":"https:\/\/sexual-und-paarberatung.ch\/en\/impressum\/","url":"https:\/\/sexual-und-paarberatung.ch\/en\/impressum\/","name":"Impressum &bull; Sexual Counseling and Couples Counseling","isPartOf":{"@id":"https:\/\/sexual-und-paarberatung.ch\/en\/#website"},"datePublished":"2022-11-16T17:25:43+00:00","dateModified":"2023-03-02T15:21:04+00:00","description":"Impressum","breadcrumb":{"@id":"https:\/\/sexual-und-paarberatung.ch\/en\/impressum\/#breadcrumb"},"inLanguage":"en-US","potentialAction":[{"@type":"ReadAction","target":["https:\/\/sexual-und-paarberatung.ch\/en\/impressum\/"]}]},{"@type":"BreadcrumbList","@id":"https:\/\/sexual-und-paarberatung.ch\/en\/impressum\/#breadcrumb","itemListElement":[{"@type":"ListItem","position":1,"name":"Home","item":"https:\/\/sexual-und-paarberatung.ch\/en\/"},{"@type":"ListItem","position":2,"name":"Impressum"}]},{"@type":"WebSite","@id":"https:\/\/sexual-und-paarberatung.ch\/en\/#website","url":"https:\/\/sexual-und-paarberatung.ch\/en\/","name":"sexual counseling and couples counseling Zug","description":"","publisher":{"@id":"https:\/\/sexual-und-paarberatung.ch\/en\/#organization"},"alternateName":"sexual therapy and couples therapy Zug","potentialAction":[{"@type":"SearchAction","target":{"@type":"EntryPoint","urlTemplate":"https:\/\/sexual-und-paarberatung.ch\/en\/?s={search_term_string}"},"query-input":"required name=search_term_string"}],"inLanguage":"en-US"},{"@type":"Organization","@id":"https:\/\/sexual-und-paarberatung.ch\/en\/#organization","name":"sexual counseling and couples counseling Zug","url":"https:\/\/sexual-und-paarberatung.ch\/en\/","logo":{"@type":"ImageObject","inLanguage":"en-US","@id":"https:\/\/sexual-und-paarberatung.ch\/en\/#\/schema\/logo\/image\/","url":"https:\/\/sexual-und-paarberatung.ch\/en\/wp-content\/uploads\/sites\/2\/2023\/03\/Logo-no-bg.png","contentUrl":"https:\/\/sexual-und-paarberatung.ch\/en\/wp-content\/uploads\/sites\/2\/2023\/03\/Logo-no-bg.png","width":580,"height":714,"caption":"sexual counseling and couples counseling Zug"},"image":{"@id":"https:\/\/sexual-und-paarberatung.ch\/en\/#\/schema\/logo\/image\/"}}]}},"_links":{"self":[{"href":"https:\/\/sexual-und-paarberatung.ch\/en\/wp-json\/wp\/v2\/pages\/249","targetHints":{"allow":["GET"]}}],"collection":[{"href":"https:\/\/sexual-und-paarberatung.ch\/en\/wp-json\/wp\/v2\/pages"}],"about":[{"href":"https:\/\/sexual-und-paarberatung.ch\/en\/wp-json\/wp\/v2\/types\/page"}],"author":[{"embeddable":true,"href":"https:\/\/sexual-und-paarberatung.ch\/en\/wp-json\/wp\/v2\/users\/1"}],"replies":[{"embeddable":true,"href":"https:\/\/sexual-und-paarberatung.ch\/en\/wp-json\/wp\/v2\/comments?post=249"}],"version-history":[{"count":2,"href":"https:\/\/sexual-und-paarberatung.ch\/en\/wp-json\/wp\/v2\/pages\/249\/revisions"}],"predecessor-version":[{"id":328,"href":"https:\/\/sexual-und-paarberatung.ch\/en\/wp-json\/wp\/v2\/pages\/249\/revisions\/328"}],"wp:attachment":[{"href":"https:\/\/sexual-und-paarberatung.ch\/en\/wp-json\/wp\/v2\/media?parent=249"}],"curies":[{"name":"wp","href":"https:\/\/api.w.org\/{rel}","templated":true}]}}