{"id":121,"date":"2021-08-27T13:30:19","date_gmt":"2021-08-27T12:30:19","guid":{"rendered":"http:\/\/sexual-und-paarberatung.local\/en\/?page_id=121"},"modified":"2025-03-22T04:21:02","modified_gmt":"2025-03-22T03:21:02","slug":"background","status":"publish","type":"page","link":"https:\/\/sexual-und-paarberatung.ch\/en\/background\/","title":{"rendered":"Background"},"content":{"rendered":"<div id=\"cc-m-9911853368\" class=\"j-module n j-header \">\n<h2 id=\"cc-m-header-9911853368\" class=\"\">Education<\/h2>\n<\/div>\n<div id=\"cc-m-9911853468\" class=\"j-module n j-textWithImage \">\n<h6 class=\"cc-imagewrapper cc-m-image-align-2\" style=\"text-align: left\"><img decoding=\"async\" class=\"alignnone  wp-image-276\" src=\"https:\/\/sexual-und-paarberatung.ch\/en\/wp-content\/uploads\/sites\/2\/2023\/02\/Siegenthaler_David-pmzh-288x300.jpg\" alt=\"\" width=\"321\" height=\"334\" srcset=\"https:\/\/sexual-und-paarberatung.ch\/en\/wp-content\/uploads\/sites\/2\/2023\/02\/Siegenthaler_David-pmzh-288x300.jpg 288w, https:\/\/sexual-und-paarberatung.ch\/en\/wp-content\/uploads\/sites\/2\/2023\/02\/Siegenthaler_David-pmzh-983x1024.jpg 983w, https:\/\/sexual-und-paarberatung.ch\/en\/wp-content\/uploads\/sites\/2\/2023\/02\/Siegenthaler_David-pmzh-768x800.jpg 768w, https:\/\/sexual-und-paarberatung.ch\/en\/wp-content\/uploads\/sites\/2\/2023\/02\/Siegenthaler_David-pmzh-1475x1536.jpg 1475w, https:\/\/sexual-und-paarberatung.ch\/en\/wp-content\/uploads\/sites\/2\/2023\/02\/Siegenthaler_David-pmzh-1967x2048.jpg 1967w\" sizes=\"(max-width: 321px) 100vw, 321px\" \/><br \/>\n\u00a9Paarberatung und Mediation vom Kanton Z\u00fcrich<\/h6>\n<div>\n<div id=\"cc-m-textwithimage-9911853468\" class=\"cc-m-textwithimage-inline-rte\" data-name=\"text\" data-action=\"text\">\n<ul>\n<li>Degree in Sexual Medicine and Sexual Therapy University Basel<\/li>\n<li>Degree in Psychological Counseling<br \/>\nParacelsus Z\u00fcrich<\/li>\n<li>Certification as Sexual and Couples Counselor<br \/>\nParacelsus T\u00fcbingen<\/li>\n<li>Certification in Advanced Education in Systematic Couples Therapy<br \/>\nZ\u00fcrich Institute for Environmental-Systematic Therapy (per procurationem) (Institut f\u00fcr \u00d6kologisch-systemische Therapie Z\u00fcrich)<\/li>\n<li>Certification in Mediation (Konstanzer School for Mediation)<\/li>\n<li>Certification as KIB Trainer in Luzern (Kinder im Blick in Luzern)<\/li>\n<li>Education in Social pedagogy<br \/>\nAarau Higher Vocational School for Health and Society<br \/>\n(H\u00f6here Fachschule Gesundheit und Soziales)<\/li>\n<li>Caretaker of the mentally and physically handicapped<br \/>\nSwiss Federal Vocational Education and Training Apprenticeship<br \/>\nBrugg Vocational School for Health and Society (BF Gesundheit und Soziales, Brugg)<\/li>\n<\/ul>\n<\/div>\n<\/div>\n<\/div>\n<h2><\/h2>\n<div id=\"cc-m-9911853468\" class=\"j-module n j-textWithImage \">\n<div>\n<div id=\"cc-m-textwithimage-9911853468\" class=\"cc-m-textwithimage-inline-rte\" data-name=\"text\" data-action=\"text\">\n<h2>Professional Experience<\/h2>\n<ul>\n<li>Over 13 years of work experience in helping and supporting people<\/li>\n<li>Counselor for the Kanton (state) Zug ( leb Paar- und Einzelberatung in Zug)<\/li>\n<li>Currently working (50%) for the Kanton (state) Z\u00fcrich as Couples Counselor and Mediator (Paarberatung &amp; Mediation im Kanton Z\u00fcrich)<\/li>\n<li>Author of &#8220;Ratgeber&#8221; (Advisor) for the Luzern Newspaper<\/li>\n<li>Teacher for &#8220;Singles treffen Singles&#8221; (Singles Meeting Singles) and &#8220;Der andere Sexsalon&#8221; (The Other Brothel) and &#8220;Fix your Sex&#8217;n Love&#8221; and &#8220;Kids in the center&#8221; (teaching parents how to deal with the situation after the divorce)<\/li>\n<li>Experience with people suffering from psychological issues<\/li>\n<li>Experience with children and youth with troubling pasts<\/li>\n<li>Six years of counseling and therapy<\/li>\n<li>I counsel Individuals and couples who suffer with:<\/li>\n<\/ul>\n<ul>\n<li style=\"list-style-type: none\">\n<ul>\n<li style=\"list-style-type: none\">\n<ul>\n<li>Self worth issues<\/li>\n<li>Crisis<\/li>\n<li>Stress &amp; Unhappiness<\/li>\n<li>Addictions<\/li>\n<li>The death of a loved one<\/li>\n<li>Depression<\/li>\n<li>Anxiety<\/li>\n<li>Relationship problems<\/li>\n<li>Sexual problems<\/li>\n<li>Gender dysphoria<\/li>\n<li>Body dysmorphia<\/li>\n<li>Family problems<\/li>\n<li>Asperger\u2019s syndrome<\/li>\n<li>Emotional dependence<\/li>\n<li>Borderline<\/li>\n<li>Narcissism<\/li>\n<\/ul>\n<\/li>\n<\/ul>\n<\/li>\n<\/ul>\n<\/div>\n<\/div>\n<\/div>\n","protected":false},"excerpt":{"rendered":"<p>Education \u00a9Paarberatung und Mediation vom Kanton Z\u00fcrich Degree in Sexual Medicine and Sexual Therapy University Basel Degree in Psychological Counseling Paracelsus Z\u00fcrich Certification as Sexual and Couples Counselor Paracelsus T\u00fcbingen Certification in Advanced Education in Systematic Couples Therapy Z\u00fcrich Institute for Environmental-Systematic Therapy (per procurationem) (Institut f\u00fcr \u00d6kologisch-systemische Therapie Z\u00fcrich) Certification in Mediation (Konstanzer School [&hellip;]<\/p>\n","protected":false},"author":1,"featured_media":0,"parent":0,"menu_order":0,"comment_status":"closed","ping_status":"closed","template":"","meta":{"footnotes":""},"class_list":["post-121","page","type-page","status-publish","hentry"],"yoast_head":"<!-- This site is optimized with the Yoast SEO Premium plugin v20.0 (Yoast SEO v20.0) - https:\/\/yoast.com\/wordpress\/plugins\/seo\/ -->\n<title>Background &bull; Sexual Counseling and Couples Counseling Zug<\/title>\n<meta name=\"description\" content=\"David Siegenthaler: Dipl. Psychological counseling Cert. Couples counselor and certified sexual medicine &amp; sex therapy. Mediator, author &amp; course instructor\" \/>\n<meta name=\"robots\" content=\"index, follow, max-snippet:-1, max-image-preview:large, max-video-preview:-1\" \/>\n<link rel=\"canonical\" href=\"https:\/\/sexual-und-paarberatung.ch\/en\/background\/\" \/>\n<meta property=\"og:locale\" content=\"en_US\" \/>\n<meta property=\"og:type\" content=\"article\" \/>\n<meta property=\"og:title\" content=\"Background\" \/>\n<meta property=\"og:description\" content=\"David Siegenthaler: Dipl. Psychological counseling Cert. Couples counselor and certified sexual medicine &amp; sex therapy. Mediator, author &amp; course instructor\" \/>\n<meta property=\"og:url\" content=\"https:\/\/sexual-und-paarberatung.ch\/en\/background\/\" \/>\n<meta property=\"og:site_name\" content=\"Sexual Counseling and Couples Counseling\" \/>\n<meta property=\"article:modified_time\" content=\"2025-03-22T03:21:02+00:00\" \/>\n<meta property=\"og:image\" content=\"https:\/\/sexual-und-paarberatung.ch\/en\/wp-content\/uploads\/sites\/2\/2023\/02\/Siegenthaler_David-pmzh-288x300.jpg\" \/>\n<meta name=\"twitter:card\" content=\"summary_large_image\" \/>\n<meta name=\"twitter:label1\" content=\"Est. reading time\" \/>\n\t<meta name=\"twitter:data1\" content=\"2 minutes\" \/>\n<script type=\"application\/ld+json\" class=\"yoast-schema-graph\">{\"@context\":\"https:\/\/schema.org\",\"@graph\":[{\"@type\":\"WebPage\",\"@id\":\"https:\/\/sexual-und-paarberatung.ch\/en\/background\/\",\"url\":\"https:\/\/sexual-und-paarberatung.ch\/en\/background\/\",\"name\":\"Background &bull; Sexual Counseling and Couples Counseling Zug\",\"isPartOf\":{\"@id\":\"https:\/\/sexual-und-paarberatung.ch\/en\/#website\"},\"datePublished\":\"2021-08-27T12:30:19+00:00\",\"dateModified\":\"2025-03-22T03:21:02+00:00\",\"description\":\"David Siegenthaler: Dipl. Psychological counseling Cert. Couples counselor and certified sexual medicine & sex therapy. Mediator, author & course instructor\",\"breadcrumb\":{\"@id\":\"https:\/\/sexual-und-paarberatung.ch\/en\/background\/#breadcrumb\"},\"inLanguage\":\"en-US\",\"potentialAction\":[{\"@type\":\"ReadAction\",\"target\":[\"https:\/\/sexual-und-paarberatung.ch\/en\/background\/\"]}]},{\"@type\":\"BreadcrumbList\",\"@id\":\"https:\/\/sexual-und-paarberatung.ch\/en\/background\/#breadcrumb\",\"itemListElement\":[{\"@type\":\"ListItem\",\"position\":1,\"name\":\"Home\",\"item\":\"https:\/\/sexual-und-paarberatung.ch\/en\/\"},{\"@type\":\"ListItem\",\"position\":2,\"name\":\"Background\"}]},{\"@type\":\"WebSite\",\"@id\":\"https:\/\/sexual-und-paarberatung.ch\/en\/#website\",\"url\":\"https:\/\/sexual-und-paarberatung.ch\/en\/\",\"name\":\"sexual counseling and couples counseling Zug\",\"description\":\"\",\"publisher\":{\"@id\":\"https:\/\/sexual-und-paarberatung.ch\/en\/#organization\"},\"alternateName\":\"sexual therapy and couples therapy Zug\",\"potentialAction\":[{\"@type\":\"SearchAction\",\"target\":{\"@type\":\"EntryPoint\",\"urlTemplate\":\"https:\/\/sexual-und-paarberatung.ch\/en\/?s={search_term_string}\"},\"query-input\":\"required name=search_term_string\"}],\"inLanguage\":\"en-US\"},{\"@type\":\"Organization\",\"@id\":\"https:\/\/sexual-und-paarberatung.ch\/en\/#organization\",\"name\":\"sexual counseling and couples counseling Zug\",\"url\":\"https:\/\/sexual-und-paarberatung.ch\/en\/\",\"logo\":{\"@type\":\"ImageObject\",\"inLanguage\":\"en-US\",\"@id\":\"https:\/\/sexual-und-paarberatung.ch\/en\/#\/schema\/logo\/image\/\",\"url\":\"https:\/\/sexual-und-paarberatung.ch\/en\/wp-content\/uploads\/sites\/2\/2023\/03\/Logo-no-bg.png\",\"contentUrl\":\"https:\/\/sexual-und-paarberatung.ch\/en\/wp-content\/uploads\/sites\/2\/2023\/03\/Logo-no-bg.png\",\"width\":580,\"height\":714,\"caption\":\"sexual counseling and couples counseling Zug\"},\"image\":{\"@id\":\"https:\/\/sexual-und-paarberatung.ch\/en\/#\/schema\/logo\/image\/\"}}]}<\/script>\n<!-- \/ Yoast SEO Premium plugin. -->","yoast_head_json":{"title":"Background &bull; Sexual Counseling and Couples Counseling Zug","description":"David Siegenthaler: Dipl. Psychological counseling Cert. Couples counselor and certified sexual medicine & sex therapy. Mediator, author & course instructor","robots":{"index":"index","follow":"follow","max-snippet":"max-snippet:-1","max-image-preview":"max-image-preview:large","max-video-preview":"max-video-preview:-1"},"canonical":"https:\/\/sexual-und-paarberatung.ch\/en\/background\/","og_locale":"en_US","og_type":"article","og_title":"Background","og_description":"David Siegenthaler: Dipl. Psychological counseling Cert. Couples counselor and certified sexual medicine & sex therapy. Mediator, author & course instructor","og_url":"https:\/\/sexual-und-paarberatung.ch\/en\/background\/","og_site_name":"Sexual Counseling and Couples Counseling","article_modified_time":"2025-03-22T03:21:02+00:00","og_image":[{"url":"https:\/\/sexual-und-paarberatung.ch\/en\/wp-content\/uploads\/sites\/2\/2023\/02\/Siegenthaler_David-pmzh-288x300.jpg"}],"twitter_card":"summary_large_image","twitter_misc":{"Est. reading time":"2 minutes"},"schema":{"@context":"https:\/\/schema.org","@graph":[{"@type":"WebPage","@id":"https:\/\/sexual-und-paarberatung.ch\/en\/background\/","url":"https:\/\/sexual-und-paarberatung.ch\/en\/background\/","name":"Background &bull; Sexual Counseling and Couples Counseling Zug","isPartOf":{"@id":"https:\/\/sexual-und-paarberatung.ch\/en\/#website"},"datePublished":"2021-08-27T12:30:19+00:00","dateModified":"2025-03-22T03:21:02+00:00","description":"David Siegenthaler: Dipl. Psychological counseling Cert. Couples counselor and certified sexual medicine & sex therapy. Mediator, author & course instructor","breadcrumb":{"@id":"https:\/\/sexual-und-paarberatung.ch\/en\/background\/#breadcrumb"},"inLanguage":"en-US","potentialAction":[{"@type":"ReadAction","target":["https:\/\/sexual-und-paarberatung.ch\/en\/background\/"]}]},{"@type":"BreadcrumbList","@id":"https:\/\/sexual-und-paarberatung.ch\/en\/background\/#breadcrumb","itemListElement":[{"@type":"ListItem","position":1,"name":"Home","item":"https:\/\/sexual-und-paarberatung.ch\/en\/"},{"@type":"ListItem","position":2,"name":"Background"}]},{"@type":"WebSite","@id":"https:\/\/sexual-und-paarberatung.ch\/en\/#website","url":"https:\/\/sexual-und-paarberatung.ch\/en\/","name":"sexual counseling and couples counseling Zug","description":"","publisher":{"@id":"https:\/\/sexual-und-paarberatung.ch\/en\/#organization"},"alternateName":"sexual therapy and couples therapy Zug","potentialAction":[{"@type":"SearchAction","target":{"@type":"EntryPoint","urlTemplate":"https:\/\/sexual-und-paarberatung.ch\/en\/?s={search_term_string}"},"query-input":"required name=search_term_string"}],"inLanguage":"en-US"},{"@type":"Organization","@id":"https:\/\/sexual-und-paarberatung.ch\/en\/#organization","name":"sexual counseling and couples counseling Zug","url":"https:\/\/sexual-und-paarberatung.ch\/en\/","logo":{"@type":"ImageObject","inLanguage":"en-US","@id":"https:\/\/sexual-und-paarberatung.ch\/en\/#\/schema\/logo\/image\/","url":"https:\/\/sexual-und-paarberatung.ch\/en\/wp-content\/uploads\/sites\/2\/2023\/03\/Logo-no-bg.png","contentUrl":"https:\/\/sexual-und-paarberatung.ch\/en\/wp-content\/uploads\/sites\/2\/2023\/03\/Logo-no-bg.png","width":580,"height":714,"caption":"sexual counseling and couples counseling Zug"},"image":{"@id":"https:\/\/sexual-und-paarberatung.ch\/en\/#\/schema\/logo\/image\/"}}]}},"_links":{"self":[{"href":"https:\/\/sexual-und-paarberatung.ch\/en\/wp-json\/wp\/v2\/pages\/121","targetHints":{"allow":["GET"]}}],"collection":[{"href":"https:\/\/sexual-und-paarberatung.ch\/en\/wp-json\/wp\/v2\/pages"}],"about":[{"href":"https:\/\/sexual-und-paarberatung.ch\/en\/wp-json\/wp\/v2\/types\/page"}],"author":[{"embeddable":true,"href":"https:\/\/sexual-und-paarberatung.ch\/en\/wp-json\/wp\/v2\/users\/1"}],"replies":[{"embeddable":true,"href":"https:\/\/sexual-und-paarberatung.ch\/en\/wp-json\/wp\/v2\/comments?post=121"}],"version-history":[{"count":6,"href":"https:\/\/sexual-und-paarberatung.ch\/en\/wp-json\/wp\/v2\/pages\/121\/revisions"}],"predecessor-version":[{"id":280,"href":"https:\/\/sexual-und-paarberatung.ch\/en\/wp-json\/wp\/v2\/pages\/121\/revisions\/280"}],"wp:attachment":[{"href":"https:\/\/sexual-und-paarberatung.ch\/en\/wp-json\/wp\/v2\/media?parent=121"}],"curies":[{"name":"wp","href":"https:\/\/api.w.org\/{rel}","templated":true}]}}